{"id":2950,"date":"2023-03-29T11:05:02","date_gmt":"2023-03-29T11:05:02","guid":{"rendered":"https:\/\/turmsadrain.com\/pol\/?page_id=2950"},"modified":"2024-07-11T11:58:06","modified_gmt":"2024-07-11T11:58:06","slug":"polityka-prywatnosci","status":"publish","type":"page","link":"https:\/\/turmsadrain.com\/en\/polityka-prywatnosci\/","title":{"rendered":"Privacy Policy"},"content":{"rendered":"\t\t<div data-elementor-type=\"wp-page\" data-elementor-id=\"2950\" class=\"elementor elementor-2950\">\n\t\t\t\t\t\t<section class=\"elementor-section elementor-top-section elementor-element elementor-element-916fef5 elementor-section-boxed elementor-section-height-default elementor-section-height-default\" data-id=\"916fef5\" data-element_type=\"section\">\n\t\t\t\t\t\t<div class=\"elementor-container elementor-column-gap-default\">\n\t\t\t\t\t<div class=\"elementor-column elementor-col-100 elementor-top-column elementor-element elementor-element-cc65981\" data-id=\"cc65981\" data-element_type=\"column\">\n\t\t\t<div class=\"elementor-widget-wrap elementor-element-populated\">\n\t\t\t\t\t\t<div class=\"elementor-element elementor-element-96f0fa6 elementor-widget elementor-widget-heading\" data-id=\"96f0fa6\" data-element_type=\"widget\" data-widget_type=\"heading.default\">\n\t\t\t\t<div class=\"elementor-widget-container\">\n\t\t\t<h2 class=\"elementor-heading-title elementor-size-default\">Polityka Prywatno\u015bci Turms-Adrian S.P Z.O.O<\/h2>\t\t<\/div>\n\t\t\t\t<\/div>\n\t\t\t\t<div class=\"elementor-element elementor-element-ca80f0f elementor-widget elementor-widget-text-editor\" data-id=\"ca80f0f\" data-element_type=\"widget\" data-widget_type=\"text-editor.default\">\n\t\t\t\t<div class=\"elementor-widget-container\">\n\t\t\t\t\t\t\t<p style=\"font-family: montserrat; color: #000;\">Niniejsza Polityka Prywatno\u015bci opisuje, w jaki spos\u00f3b zbieramy, u\u017cywamy i udost\u0119pniamy Twoje dane osobowe, gdy odwiedzasz lub dokonujesz zakupu na turmsadrian.com (dalej \u201eStrona\u201d).<\/p>\t\t\t\t\t\t<\/div>\n\t\t\t\t<\/div>\n\t\t\t\t<div class=\"elementor-element elementor-element-adb46f8 elementor-widget elementor-widget-heading\" data-id=\"adb46f8\" data-element_type=\"widget\" data-widget_type=\"heading.default\">\n\t\t\t\t<div class=\"elementor-widget-container\">\n\t\t\t<h2 class=\"elementor-heading-title elementor-size-default\"><h4>DANE OSOBOWE, KT\u00d3RE ZBIERAMY<\/h4><\/h2>\t\t<\/div>\n\t\t\t\t<\/div>\n\t\t\t\t<div class=\"elementor-element elementor-element-258c2f0 elementor-widget elementor-widget-text-editor\" data-id=\"258c2f0\" data-element_type=\"widget\" data-widget_type=\"text-editor.default\">\n\t\t\t\t<div class=\"elementor-widget-container\">\n\t\t\t\t\t\t\t<p style=\"font-family: montserrat; color: #000;\">Kiedy odwiedzasz Stron\u0119, automatycznie zbieramy pewne informacje o Twoim urz\u0105dzeniu, w tym informacje o przegl\u0105darce internetowej, adresie IP, strefie czasowej i niekt\u00f3rych plikach cookie zainstalowanych na Twoim urz\u0105dzeniu. Dodatkowo, gdy przegl\u0105dasz Stron\u0119, zbieramy informacje o poszczeg\u00f3lnych stronach internetowych lub produktach, kt\u00f3re ogl\u0105dasz, o witrynach internetowych lub has\u0142ach wyszukiwania, kt\u00f3re Ci\u0119 skierowa\u0142y na Stron\u0119, oraz informacje o tym, jak interagujesz ze Stron\u0105. Te automatycznie zbierane informacje nazywamy &#8222;Informacjami o Urz\u0105dzeniu&#8221;.<\/p><p>Zbieramy Informacje o Urz\u0105dzeniu za pomoc\u0105 nast\u0119puj\u0105cych technologii:<\/p><ul><li>&#8222;Cookies&#8221; to pliki danych, kt\u00f3re s\u0105 umieszczane na Twoim urz\u0105dzeniu lub komputerze i cz\u0119sto zawieraj\u0105 anonimowy unikalny identyfikator. Wi\u0119cej informacji o plikach cookie i sposobach ich wy\u0142\u0105czania znajdziesz na stronie <a href=\"http:\/\/www.allaboutcookies.org\" target=\"_new\" rel=\"noreferrer\">http:\/\/www.allaboutcookies.org<\/a>.<\/li><li>&#8222;Log files&#8221; \u015bledz\u0105 dzia\u0142ania wyst\u0119puj\u0105ce na Stronie i zbieraj\u0105 dane, w tym Tw\u00f3j adres IP, rodzaj przegl\u0105darki, dostawc\u0119 us\u0142ug internetowych, strony odsy\u0142aj\u0105ce\/wychodz\u0105ce oraz znaczniki daty\/godziny.<\/li><li>&#8222;Web beacons&#8221;, &#8222;tags&#8221; i &#8222;pixels&#8221; to elektroniczne pliki u\u017cywane do rejestrowania informacji o tym, jak przegl\u0105dasz Stron\u0119.<\/li><\/ul><p>Dodatkowo, gdy dokonujesz zakupu lub pr\u00f3bujesz dokona\u0107 zakupu za po\u015brednictwem Strony, zbieramy od Ciebie pewne informacje, w tym Twoje imi\u0119 i nazwisko, adres rozliczeniowy, adres dostawy, informacje o p\u0142atno\u015bci (w tym numery kart kredytowych [[WPISZ INNE AKCEPTOWANE TYPY P\u0141ATNO\u015aCI]]), adres e-mail oraz numer telefonu. Te informacje nazywamy &#8222;Informacjami o Zam\u00f3wieniu&#8221;.<\/p><p>Kiedy m\u00f3wimy o &#8222;Danych Osobowych&#8221; w niniejszej Polityce Prywatno\u015bci, mamy na my\u015bli zar\u00f3wno Informacje o Urz\u0105dzeniu, jak i Informacje o Zam\u00f3wieniu.<\/p>\t\t\t\t\t\t<\/div>\n\t\t\t\t<\/div>\n\t\t\t\t<div class=\"elementor-element elementor-element-cd9f5fc elementor-widget elementor-widget-heading\" data-id=\"cd9f5fc\" data-element_type=\"widget\" data-widget_type=\"heading.default\">\n\t\t\t\t<div class=\"elementor-widget-container\">\n\t\t\t<h2 class=\"elementor-heading-title elementor-size-default\">JAK WYKORZYSTUJEMY TWOJE DANE OSOBOWE?<\/h2>\t\t<\/div>\n\t\t\t\t<\/div>\n\t\t\t\t<div class=\"elementor-element elementor-element-7c577f7 elementor-widget elementor-widget-text-editor\" data-id=\"7c577f7\" data-element_type=\"widget\" data-widget_type=\"text-editor.default\">\n\t\t\t\t<div class=\"elementor-widget-container\">\n\t\t\t\t\t\t\t<p><span style=\"color: #000000; font-family: montserrat;\">U\u017cywamy Informacji o Zam\u00f3wieniu, kt\u00f3re zbieramy, aby og\u00f3lnie realizowa\u0107 zam\u00f3wienia z\u0142o\u017cone za po\u015brednictwem Strony (w tym przetwarzanie informacji o p\u0142atno\u015bci, organizowanie wysy\u0142ki oraz dostarczanie faktur i\/lub potwierdze\u0144 zam\u00f3wienia). Dodatkowo u\u017cywamy tych Informacji o Zam\u00f3wieniu, aby:<\/span><\/p><ul><li>Komunikowa\u0107 si\u0119 z Tob\u0105<\/li><li>Przesiewa\u0107 nasze zam\u00f3wienia pod k\u0105tem potencjalnego ryzyka lub oszustwa;<\/li><li>Zgodnie z preferencjami, kt\u00f3re z nami udost\u0119pni\u0142e\u015b, dostarcza\u0107 Ci informacje lub reklamy dotycz\u0105ce naszych produkt\u00f3w lub us\u0142ug.<\/li><\/ul><p>U\u017cywamy Informacji o Urz\u0105dzeniu, kt\u00f3re zbieramy, aby pom\u00f3c nam przesiewa\u0107 potencjalne ryzyko i oszustwa (w szczeg\u00f3lno\u015bci Twojego adresu IP), a bardziej og\u00f3lnie aby poprawi\u0107 i zoptymalizowa\u0107 nasz\u0105 Stron\u0119 (na przyk\u0142ad poprzez generowanie analiz o tym, jak nasi klienci przegl\u0105daj\u0105 i interaguj\u0105 ze Stron\u0105, oraz aby oceni\u0107 sukces naszych kampanii marketingowych i reklamowych).<\/p>\t\t\t\t\t\t<\/div>\n\t\t\t\t<\/div>\n\t\t\t\t<div class=\"elementor-element elementor-element-b5c3b11 elementor-widget elementor-widget-heading\" data-id=\"b5c3b11\" data-element_type=\"widget\" data-widget_type=\"heading.default\">\n\t\t\t\t<div class=\"elementor-widget-container\">\n\t\t\t<h2 class=\"elementor-heading-title elementor-size-default\">UDOST\u0118PNIANIE TWOICH DANYCH OSOBOWYCH<\/h2>\t\t<\/div>\n\t\t\t\t<\/div>\n\t\t\t\t<div class=\"elementor-element elementor-element-9762b1e elementor-widget elementor-widget-text-editor\" data-id=\"9762b1e\" data-element_type=\"widget\" data-widget_type=\"text-editor.default\">\n\t\t\t\t<div class=\"elementor-widget-container\">\n\t\t\t\t\t\t\t<p style=\"font-family: montserrat; color: #000;\">Udost\u0119pniamy Twoje Dane Osobowe stronom trzecim, aby pom\u00f3c nam w wykorzystaniu Twoich Danych Osobowych, jak opisano powy\u017cej. Na przyk\u0142ad, u\u017cywamy Shopify do obs\u0142ugi naszego sklepu internetowego \u2014 wi\u0119cej o tym, jak Shopify u\u017cywa Twoich Danych Osobowych, mo\u017cesz przeczyta\u0107 tutaj: https:\/\/www.shopify.com\/legal\/privacy. U\u017cywamy r\u00f3wnie\u017c Google Analytics, aby zrozumie\u0107, jak nasi klienci korzystaj\u0105 ze Strony \u2014 wi\u0119cej o tym, jak Google u\u017cywa Twoich Danych Osobowych, mo\u017cesz przeczyta\u0107 tutaj: https:\/\/www.google.com\/intl\/en\/policies\/privacy\/. Mo\u017cesz r\u00f3wnie\u017c zrezygnowa\u0107 z Google Analytics tutaj: https:\/\/tools.google.com\/dlpage\/gaoptout.<\/p><p>Wreszcie, mo\u017cemy r\u00f3wnie\u017c udost\u0119pnia\u0107 Twoje Dane Osobowe, aby przestrzega\u0107 obowi\u0105zuj\u0105cych przepis\u00f3w prawa i regulacji, odpowiedzie\u0107 na wezwanie do s\u0105du, nakaz przeszukania lub inne zgodne z prawem \u017c\u0105danie dotycz\u0105ce informacji, kt\u00f3re otrzymujemy, lub w celu ochrony naszych praw, w tym wykorzystywanie ich do remarketingu lub reklamy celowanej.<\/p>\t\t\t\t\t\t<\/div>\n\t\t\t\t<\/div>\n\t\t\t\t<div class=\"elementor-element elementor-element-ad14897 elementor-widget elementor-widget-heading\" data-id=\"ad14897\" data-element_type=\"widget\" data-widget_type=\"heading.default\">\n\t\t\t\t<div class=\"elementor-widget-container\">\n\t\t\t<h2 class=\"elementor-heading-title elementor-size-default\">REKLAMA BEHAWIORALNA<\/h2>\t\t<\/div>\n\t\t\t\t<\/div>\n\t\t\t\t<div class=\"elementor-element elementor-element-6bcc9af elementor-widget elementor-widget-text-editor\" data-id=\"6bcc9af\" data-element_type=\"widget\" data-widget_type=\"text-editor.default\">\n\t\t\t\t<div class=\"elementor-widget-container\">\n\t\t\t\t\t\t\t<p style=\"font-family: montserrat; color: #000;\">Jak opisano powy\u017cej, u\u017cywamy Twoich Danych Osobowych, aby dostarcza\u0107 Ci ukierunkowane reklamy lub komunikacj\u0119 marketingow\u0105, kt\u00f3re naszym zdaniem mog\u0105 Ci\u0119 zainteresowa\u0107. Wi\u0119cej informacji o tym, jak dzia\u0142a reklama celowana, znajdziesz na stronie edukacyjnej Network Advertising Initiative (NAI) pod adresem http:\/\/www.networkadvertising.org\/understanding-online-advertising\/how-does-it-work.<\/p><p>Mo\u017cesz zrezygnowa\u0107 z reklamy celowanej, odwiedzaj\u0105c portal rezygnacji Digital Advertising Alliance pod adresem: http:\/\/optout.aboutads.info\/.<\/p>\t\t\t\t\t\t<\/div>\n\t\t\t\t<\/div>\n\t\t\t\t<div class=\"elementor-element elementor-element-c4ba38c elementor-widget elementor-widget-heading\" data-id=\"c4ba38c\" data-element_type=\"widget\" data-widget_type=\"heading.default\">\n\t\t\t\t<div class=\"elementor-widget-container\">\n\t\t\t<h2 class=\"elementor-heading-title elementor-size-default\">NIE ZBIERAMY DANE<\/h2>\t\t<\/div>\n\t\t\t\t<\/div>\n\t\t\t\t<div class=\"elementor-element elementor-element-9249bb2 elementor-widget elementor-widget-text-editor\" data-id=\"9249bb2\" data-element_type=\"widget\" data-widget_type=\"text-editor.default\">\n\t\t\t\t<div class=\"elementor-widget-container\">\n\t\t\t\t\t\t\t<p style=\"font-family: montserrat; color: #000;\">Nale\u017cy pami\u0119ta\u0107, \u017ce nie zmieniamy naszych praktyk dotycz\u0105cych zbierania danych i ich wykorzystywania, gdy widzimy sygna\u0142 Do Not Track z Twojej przegl\u0105darki.<\/p>\t\t\t\t\t\t<\/div>\n\t\t\t\t<\/div>\n\t\t\t\t<div class=\"elementor-element elementor-element-5cf08fb elementor-widget elementor-widget-heading\" data-id=\"5cf08fb\" data-element_type=\"widget\" data-widget_type=\"heading.default\">\n\t\t\t\t<div class=\"elementor-widget-container\">\n\t\t\t<h2 class=\"elementor-heading-title elementor-size-default\"><h4>POLITYKA WYKORZYSTANIA KAMERY TABLETOWEJ<\/h4><\/h2>\t\t<\/div>\n\t\t\t\t<\/div>\n\t\t\t\t<div class=\"elementor-element elementor-element-cb4329c elementor-widget elementor-widget-text-editor\" data-id=\"cb4329c\" data-element_type=\"widget\" data-widget_type=\"text-editor.default\">\n\t\t\t\t<div class=\"elementor-widget-container\">\n\t\t\t\t\t\t\t<p><span style=\"color: #000000; font-family: montserrat;\"><b>Cel wykorzystania kamery<\/b><\/span><\/p><p style=\"font-family: montserrat; color: #000;\">Kamera zintegrowana z naszymi urz\u0105dzeniami dzia\u0142a wy\u0142\u0105cznie jako czujnik ruchu. Jej g\u0142\u00f3wnym celem jest wykrywanie ruchu w celu ustalenia liczby os\u00f3b, kt\u00f3re obejrza\u0142y reklam\u0119.<\/p><p><span style=\"color: #000000; font-family: montserrat;\"><b>Zbieranie danych<\/b><\/span><\/p><p style=\"font-family: montserrat; color: #000;\">Kamera nie nagrywa ani nie przechowuje \u017cadnych nagra\u0144 wideo ani danych biometrycznych. Dzia\u0142a w czasie rzeczywistym, aby liczy\u0107 obecno\u015b\u0107 os\u00f3b, nie rejestruj\u0105c ani nie zapisuj\u0105c \u017cadnych obraz\u00f3w ani danych osobowych.<\/p><p><span style=\"color: #000000; font-family: montserrat;\"><b>Przetwarzanie danych<\/b><\/span><\/p><p><span style=\"color: #000000; font-family: montserrat;\">Dane przetwarzane przez kamer\u0119 ograniczaj\u0105 si\u0119 do wykrywania ruchu. Informacje te s\u0105 anonimizowane i agregowane, aby dostarczy\u0107 informacji o ogl\u0105dalno\u015bci reklamy bez identyfikacji \u017cadnej osoby.<\/span><\/p><p><span style=\"color: #000000; font-family: montserrat;\"><b>Przechowywanie danych<\/b><\/span><\/p><p><span style=\"color: #000000; font-family: montserrat;\">Poniewa\u017c kamera nie nagrywa ani nie przechowuje \u017cadnych nagra\u0144 ani danych biometrycznych, \u017cadne dane osobowe nie s\u0105 zapisywane ani przechowywane. Urz\u0105dzenie przetwarza dane o ruchu w czasie rzeczywistym i odrzuca je natychmiast po przetworzeniu.<\/span><span style=\"color: #000000; font-family: montserrat;\">\u00a0<\/span><\/p><p><span style=\"color: #000000; font-family: montserrat;\"><b>Ochrona danych<\/b><\/span><\/p><p><span style=\"color: #000000; font-family: montserrat;\">Dbamy o to, aby funkcjonalno\u015bci kamery by\u0142y zgodne z wymaganiami GDPR. Poniewa\u017c \u017cadne dane osobowe nie s\u0105 przetwarzane, przechowywane ani udost\u0119pniane, ryzyko dla prywatno\u015bci pasa\u017cer\u00f3w jest minimalne. Stale przegl\u0105damy nasze procesy, aby zapewni\u0107 zgodno\u015b\u0107 ze wszystkimi odpowiednimi przepisami o ochronie danych.<\/span><\/p>\t\t\t\t\t\t<\/div>\n\t\t\t\t<\/div>\n\t\t\t\t<div class=\"elementor-element elementor-element-9845e55 elementor-widget elementor-widget-heading\" data-id=\"9845e55\" data-element_type=\"widget\" data-widget_type=\"heading.default\">\n\t\t\t\t<div class=\"elementor-widget-container\">\n\t\t\t<h2 class=\"elementor-heading-title elementor-size-default\">TWOJE PRAWA<\/h2>\t\t<\/div>\n\t\t\t\t<\/div>\n\t\t\t\t<div class=\"elementor-element elementor-element-2ac1fc9 elementor-widget elementor-widget-text-editor\" data-id=\"2ac1fc9\" data-element_type=\"widget\" data-widget_type=\"text-editor.default\">\n\t\t\t\t<div class=\"elementor-widget-container\">\n\t\t\t\t\t\t\t<p><span style=\"color: #000000; font-family: montserrat;\">Je\u015bli jeste\u015b rezydentem Europy, masz prawo dost\u0119pu do przechowywanych przez nas danych osobowych oraz prawo do \u017c\u0105dania ich poprawienia, aktualizacji lub usuni\u0119cia. Je\u015bli chcesz skorzysta\u0107 z tego prawa, skontaktuj si\u0119 z nami, korzystaj\u0105c z poni\u017cszych danych kontaktowych.<\/span><\/p><p>Dodatkowo, je\u015bli jeste\u015b rezydentem Europy, informujemy, \u017ce przetwarzamy Twoje informacje w celu realizacji um\u00f3w, kt\u00f3re mo\u017cemy mie\u0107 z Tob\u0105 (na przyk\u0142ad, je\u015bli dokonujesz zam\u00f3wienia za po\u015brednictwem Strony), lub w inny spos\u00f3b w celu realizacji naszych uzasadnionych interes\u00f3w biznesowych wymienionych powy\u017cej. Dodatkowo, prosimy pami\u0119ta\u0107, \u017ce Twoje informacje b\u0119d\u0105 przekazywane poza Europ\u0119, w tym do Kanady i Stan\u00f3w Zjednoczonych.<\/p>\t\t\t\t\t\t<\/div>\n\t\t\t\t<\/div>\n\t\t\t\t<div class=\"elementor-element elementor-element-3271ca4 elementor-widget elementor-widget-heading\" data-id=\"3271ca4\" data-element_type=\"widget\" data-widget_type=\"heading.default\">\n\t\t\t\t<div class=\"elementor-widget-container\">\n\t\t\t<h2 class=\"elementor-heading-title elementor-size-default\">PRZECHOWYWANIE DANYCH<\/h2>\t\t<\/div>\n\t\t\t\t<\/div>\n\t\t\t\t<div class=\"elementor-element elementor-element-c3b2ee5 elementor-widget elementor-widget-text-editor\" data-id=\"c3b2ee5\" data-element_type=\"widget\" data-widget_type=\"text-editor.default\">\n\t\t\t\t<div class=\"elementor-widget-container\">\n\t\t\t\t\t\t\t<p style=\"font-family: montserrat; color: #000;\">Kiedy sk\u0142adasz zam\u00f3wienie za po\u015brednictwem Strony, b\u0119dziemy przechowywa\u0107 Twoje Informacje o Zam\u00f3wieniu dla naszych rekord\u00f3w, chyba \u017ce i dop\u00f3ki nie poprosisz nas o usuni\u0119cie tych informacji.<\/p>\t\t\t\t\t\t<\/div>\n\t\t\t\t<\/div>\n\t\t\t\t<div class=\"elementor-element elementor-element-5bc9dbd elementor-widget elementor-widget-heading\" data-id=\"5bc9dbd\" data-element_type=\"widget\" data-widget_type=\"heading.default\">\n\t\t\t\t<div class=\"elementor-widget-container\">\n\t\t\t<h2 class=\"elementor-heading-title elementor-size-default\">NIELETNI<\/h2>\t\t<\/div>\n\t\t\t\t<\/div>\n\t\t\t\t<div class=\"elementor-element elementor-element-dc47a19 elementor-widget elementor-widget-text-editor\" data-id=\"dc47a19\" data-element_type=\"widget\" data-widget_type=\"text-editor.default\">\n\t\t\t\t<div class=\"elementor-widget-container\">\n\t\t\t\t\t\t\t<p style=\"font-family: montserrat; color: #000;\">Strona nie jest przeznaczona dla os\u00f3b poni\u017cej 18 roku \u017cycia.<\/p>\t\t\t\t\t\t<\/div>\n\t\t\t\t<\/div>\n\t\t\t\t<div class=\"elementor-element elementor-element-e5ec594 elementor-widget elementor-widget-heading\" data-id=\"e5ec594\" data-element_type=\"widget\" data-widget_type=\"heading.default\">\n\t\t\t\t<div class=\"elementor-widget-container\">\n\t\t\t<h2 class=\"elementor-heading-title elementor-size-default\">ZMIANY<\/h2>\t\t<\/div>\n\t\t\t\t<\/div>\n\t\t\t\t<div class=\"elementor-element elementor-element-7c2dbd3 elementor-widget elementor-widget-text-editor\" data-id=\"7c2dbd3\" data-element_type=\"widget\" data-widget_type=\"text-editor.default\">\n\t\t\t\t<div class=\"elementor-widget-container\">\n\t\t\t\t\t\t\t<p style=\"font-family: montserrat; color: #000;\">Mo\u017cemy od czasu do czasu aktualizowa\u0107 t\u0119 polityk\u0119 prywatno\u015bci, aby odzwierciedla\u0142a na przyk\u0142ad zmiany w naszych praktykach lub z innych powod\u00f3w operacyjnych, prawnych lub regulacyjnych.<\/p>\t\t\t\t\t\t<\/div>\n\t\t\t\t<\/div>\n\t\t\t\t<div class=\"elementor-element elementor-element-8e65756 elementor-widget elementor-widget-heading\" data-id=\"8e65756\" data-element_type=\"widget\" data-widget_type=\"heading.default\">\n\t\t\t\t<div class=\"elementor-widget-container\">\n\t\t\t<h2 class=\"elementor-heading-title elementor-size-default\"><h4>KONTAKT Z NAMI<\/h4><\/h2>\t\t<\/div>\n\t\t\t\t<\/div>\n\t\t\t\t<div class=\"elementor-element elementor-element-d858ef3 elementor-widget elementor-widget-text-editor\" data-id=\"d858ef3\" data-element_type=\"widget\" data-widget_type=\"text-editor.default\">\n\t\t\t\t<div class=\"elementor-widget-container\">\n\t\t\t\t\t\t\t<p style=\"font-family: montserrat; color: #000;\">Aby uzyska\u0107 wi\u0119cej informacji na temat naszych praktyk dotycz\u0105cych prywatno\u015bci, je\u015bli masz pytania lub je\u015bli chcesz z\u0142o\u017cy\u0107 skarg\u0119, skontaktuj si\u0119 z nami za pomoc\u0105 e-maila na adres <a rel=\"noreferrer\">aoke@turmsadrain.com<\/a> lub poczt\u0105 na poni\u017cszy adres:<br><\/p>\n<p>Szlak 77\/222, Krakow, Malopolska, 31-153, Poland<\/p>\t\t\t\t\t\t<\/div>\n\t\t\t\t<\/div>\n\t\t\t\t\t<\/div>\n\t\t<\/div>\n\t\t\t\t\t<\/div>\n\t\t<\/section>\n\t\t\t\t<\/div>\n\t\t","protected":false},"excerpt":{"rendered":"<p>Polityka Prywatno\u015bci Turms-Adrian S.P Z.O.O Niniejsza Polityka Prywatno\u015bci opisuje, w jaki spos\u00f3b zbieramy, u\u017cywamy i udost\u0119pniamy Twoje dane osobowe, gdy odwiedzasz lub dokonujesz zakupu na turmsadrian.com (dalej \u201eStrona\u201d). DANE OSOBOWE, KT\u00d3RE ZBIERAMY Kiedy odwiedzasz Stron\u0119, automatycznie zbieramy pewne informacje o Twoim urz\u0105dzeniu, w tym informacje o przegl\u0105darce internetowej, adresie IP, strefie czasowej i niekt\u00f3rych plikach [&hellip;]<\/p>\n","protected":false},"author":1,"featured_media":0,"parent":0,"menu_order":0,"comment_status":"closed","ping_status":"closed","template":"template\/full-width-template.php","meta":{"footnotes":""},"class_list":["post-2950","page","type-page","status-publish","hentry"],"_links":{"self":[{"href":"https:\/\/turmsadrain.com\/en\/wp-json\/wp\/v2\/pages\/2950","targetHints":{"allow":["GET"]}}],"collection":[{"href":"https:\/\/turmsadrain.com\/en\/wp-json\/wp\/v2\/pages"}],"about":[{"href":"https:\/\/turmsadrain.com\/en\/wp-json\/wp\/v2\/types\/page"}],"author":[{"embeddable":true,"href":"https:\/\/turmsadrain.com\/en\/wp-json\/wp\/v2\/users\/1"}],"replies":[{"embeddable":true,"href":"https:\/\/turmsadrain.com\/en\/wp-json\/wp\/v2\/comments?post=2950"}],"version-history":[{"count":25,"href":"https:\/\/turmsadrain.com\/en\/wp-json\/wp\/v2\/pages\/2950\/revisions"}],"predecessor-version":[{"id":5755,"href":"https:\/\/turmsadrain.com\/en\/wp-json\/wp\/v2\/pages\/2950\/revisions\/5755"}],"wp:attachment":[{"href":"https:\/\/turmsadrain.com\/en\/wp-json\/wp\/v2\/media?parent=2950"}],"curies":[{"name":"wp","href":"https:\/\/api.w.org\/{rel}","templated":true}]}}