{"id":3894,"date":"2023-10-25T13:32:13","date_gmt":"2023-10-25T13:32:13","guid":{"rendered":"https:\/\/turmsadrain.com\/?page_id=3894"},"modified":"2023-10-26T06:56:56","modified_gmt":"2023-10-26T06:56:56","slug":"events","status":"publish","type":"page","link":"https:\/\/turmsadrain.com\/en\/events\/","title":{"rendered":"Wydarzenia"},"content":{"rendered":"<div data-elementor-type=\"wp-page\" data-elementor-id=\"3894\" class=\"elementor elementor-3894\">\n\t\t\t\t\t\t<section class=\"elementor-section elementor-top-section elementor-element elementor-element-7dfd286 elementor-section-boxed elementor-section-height-default elementor-section-height-default\" data-id=\"7dfd286\" data-element_type=\"section\">\n\t\t\t\t\t\t<div class=\"elementor-container elementor-column-gap-default\">\n\t\t\t\t\t<div class=\"elementor-column elementor-col-100 elementor-top-column elementor-element elementor-element-fc192e4\" data-id=\"fc192e4\" data-element_type=\"column\">\n\t\t\t<div class=\"elementor-widget-wrap elementor-element-populated\">\n\t\t\t\t\t\t<div class=\"elementor-element elementor-element-3a77651 elementor-widget elementor-widget-heading\" data-id=\"3a77651\" data-element_type=\"widget\" data-widget_type=\"heading.default\">\n\t\t\t\t<div class=\"elementor-widget-container\">\n\t\t\t<h2 class=\"elementor-heading-title elementor-size-default\">Czy masz nadchodz\u0105ce wydarzenie, kt\u00f3re zas\u0142uguje na uwag\u0119?<\/h2>\t\t<\/div>\n\t\t\t\t<\/div>\n\t\t\t\t<div class=\"elementor-element elementor-element-79127fd elementor-widget elementor-widget-heading\" data-id=\"79127fd\" data-element_type=\"widget\" data-widget_type=\"heading.default\">\n\t\t\t\t<div class=\"elementor-widget-container\">\n\t\t\t<h2 class=\"elementor-heading-title elementor-size-default\">Uwolnij potencja\u0142 sprzeda\u017cy wi\u0119kszej liczby bilet\u00f3w, wsp\u00f3\u0142pracuj\u0105c z nami w zakresie BEZP\u0141ATNEJ reklamy w kabinie!<\/h2>\t\t<\/div>\n\t\t\t\t<\/div>\n\t\t\t\t\t<\/div>\n\t\t<\/div>\n\t\t\t\t\t<\/div>\n\t\t<\/section>\n\t\t\t\t<section class=\"elementor-section elementor-top-section elementor-element elementor-element-8d08d44 elementor-section-boxed elementor-section-height-default elementor-section-height-default\" data-id=\"8d08d44\" data-element_type=\"section\">\n\t\t\t\t\t\t<div class=\"elementor-container elementor-column-gap-default\">\n\t\t\t\t\t<div class=\"elementor-column elementor-col-100 elementor-top-column elementor-element elementor-element-cb0a360\" data-id=\"cb0a360\" data-element_type=\"column\">\n\t\t\t<div class=\"elementor-widget-wrap elementor-element-populated\">\n\t\t\t\t\t\t<div class=\"elementor-element elementor-element-636b465 elementor-widget elementor-widget-text-editor\" data-id=\"636b465\" data-element_type=\"widget\" data-widget_type=\"text-editor.default\">\n\t\t\t\t<div class=\"elementor-widget-container\">\n\t\t\t\t\t\t\t<p style=\"color: #000000;\">Jak to dzia\u0142a?<\/p>\t\t\t\t\t\t<\/div>\n\t\t\t\t<\/div>\n\t\t\t\t<section class=\"elementor-section elementor-inner-section elementor-element elementor-element-7dd4f00 elementor-section-boxed elementor-section-height-default elementor-section-height-default\" data-id=\"7dd4f00\" data-element_type=\"section\">\n\t\t\t\t\t\t<div class=\"elementor-container elementor-column-gap-default\">\n\t\t\t\t\t<div class=\"elementor-column elementor-col-50 elementor-inner-column elementor-element elementor-element-7ef7a85\" data-id=\"7ef7a85\" data-element_type=\"column\">\n\t\t\t<div class=\"elementor-widget-wrap elementor-element-populated\">\n\t\t\t\t\t\t<div class=\"elementor-element elementor-element-c243daf elementor-widget elementor-widget-text-editor\" data-id=\"c243daf\" data-element_type=\"widget\" data-widget_type=\"text-editor.default\">\n\t\t\t\t<div class=\"elementor-widget-container\">\n\t\t\t\t\t\t\t<p style=\"color: #000000;\">Obecnie anga\u017cujemy oko\u0142o 6000 u\u017cytkownik\u00f3w taks\u00f3wek dziennie w Krakowie, dzi\u0119ki czemu jest to idealny kana\u0142 do promocji Twojego wydarzenia. To, co nas wyr\u00f3\u017cnia, to nasze zobowi\u0105zanie do promowania wydarzenia ca\u0142kowicie bezp\u0142atnie na wszystkich 250 ekranach w taks\u00f3wkach w ca\u0142ym mie\u015bcie. Ponadto nasz model p\u0142atno\u015bci jest oparty na wynikach, co oznacza, \u017ce p\u0142acisz nam tylko wtedy, gdy bilet zostanie sprzedany za po\u015brednictwem naszej platformy.<\/p>\n\n<ul style=\"color: #000000;\">\n \t<li><strong>Brak koszt\u00f3w wst\u0119pnych:<\/strong> Wierzymy w sukces Twojego wydarzenia i pokrywamy koszty reklamy.<\/li>\n \t<li><strong>P\u0142atno\u015b\u0107 oparta na wynikach:<\/strong> P\u0142acisz nam tylko wtedy, gdy pomagamy Ci sprzedawa\u0107 bilety. Otrzymujemy prowizj\u0119 za ka\u017cdy bilet sprzedany za po\u015brednictwem naszej platformy.<\/li>\n \t<li><strong>Indywidualna prowizja:<\/strong> Nasza prowizja opiera si\u0119 na wielko\u015bci wydarzenia, zapewniaj\u0105c uczciwe i wzajemnie korzystne partnerstwo.<\/li>\n<\/ul>\n&nbsp;\t\t\t\t\t\t<\/div>\n\t\t\t\t<\/div>\n\t\t\t\t\t<\/div>\n\t\t<\/div>\n\t\t\t\t<div class=\"elementor-column elementor-col-50 elementor-inner-column elementor-element elementor-element-768ce92\" data-id=\"768ce92\" data-element_type=\"column\">\n\t\t\t<div class=\"elementor-widget-wrap elementor-element-populated\">\n\t\t\t\t\t\t<div class=\"elementor-element elementor-element-d4894b2 elementor-invisible elementor-widget elementor-widget-image\" data-id=\"d4894b2\" data-element_type=\"widget\" data-settings=\"{&quot;_animation&quot;:&quot;fadeInRight&quot;}\" data-widget_type=\"image.default\">\n\t\t\t\t<div class=\"elementor-widget-container\">\n\t\t\t\t\t\t\t\t\t\t\t\t\t<img fetchpriority=\"high\" decoding=\"async\" width=\"2560\" height=\"2560\" src=\"https:\/\/turmsadrain.com\/wp-content\/uploads\/2023\/10\/20230918_124406-scaled.jpg\" class=\"attachment-large size-large wp-image-3912\" alt=\"\" srcset=\"https:\/\/turmsadrain.com\/wp-content\/uploads\/2023\/10\/20230918_124406-scaled.jpg 2560w, https:\/\/turmsadrain.com\/wp-content\/uploads\/2023\/10\/20230918_124406-150x150.jpg 150w, https:\/\/turmsadrain.com\/wp-content\/uploads\/2023\/10\/20230918_124406-768x768.jpg 768w, https:\/\/turmsadrain.com\/wp-content\/uploads\/2023\/10\/20230918_124406-1536x1536.jpg 1536w, https:\/\/turmsadrain.com\/wp-content\/uploads\/2023\/10\/20230918_124406-2048x2048.jpg 2048w, https:\/\/turmsadrain.com\/wp-content\/uploads\/2023\/10\/20230918_124406-12x12.jpg 12w, https:\/\/turmsadrain.com\/wp-content\/uploads\/2023\/10\/20230918_124406-24x24.jpg 24w, https:\/\/turmsadrain.com\/wp-content\/uploads\/2023\/10\/20230918_124406-36x36.jpg 36w, https:\/\/turmsadrain.com\/wp-content\/uploads\/2023\/10\/20230918_124406-48x48.jpg 48w, https:\/\/turmsadrain.com\/wp-content\/uploads\/2023\/10\/20230918_124406-600x600.jpg 600w, https:\/\/turmsadrain.com\/wp-content\/uploads\/2023\/10\/20230918_124406-300x300.jpg 300w\" sizes=\"(max-width: 2560px) 100vw, 2560px\" \/>\t\t\t\t\t\t\t\t\t\t\t\t\t<\/div>\n\t\t\t\t<\/div>\n\t\t\t\t\t<\/div>\n\t\t<\/div>\n\t\t\t\t\t<\/div>\n\t\t<\/section>\n\t\t\t\t\t<\/div>\n\t\t<\/div>\n\t\t\t\t\t<\/div>\n\t\t<\/section>\n\t\t\t\t<section class=\"elementor-section elementor-top-section elementor-element elementor-element-4b78e301 elementor-section-boxed elementor-section-height-default elementor-section-height-default\" data-id=\"4b78e301\" data-element_type=\"section\" data-settings=\"{&quot;background_background&quot;:&quot;classic&quot;}\">\n\t\t\t\t\t\t<div class=\"elementor-container elementor-column-gap-default\">\n\t\t\t\t\t<div class=\"elementor-column elementor-col-50 elementor-top-column elementor-element elementor-element-465cc9da\" data-id=\"465cc9da\" data-element_type=\"column\" data-settings=\"{&quot;background_background&quot;:&quot;classic&quot;}\">\n\t\t\t<div class=\"elementor-widget-wrap elementor-element-populated\">\n\t\t\t\t\t\t<div class=\"elementor-element elementor-element-654f5806 elementor-widget elementor-widget-elementskit-heading\" data-id=\"654f5806\" data-element_type=\"widget\" data-widget_type=\"elementskit-heading.default\">\n\t\t\t\t<div class=\"elementor-widget-container\">\n\t\t\t<div class=\"ekit-wid-con\" ><div class=\"ekit-heading elementskit-section-title-wraper text_left   ekit_heading_tablet-   ekit_heading_mobile-\"><h3 class=\"elementskit-section-subtitle\">\n\t\t\t\t\t\tFAQS\n\t\t\t\t\t<\/h3><h2 class=\"ekit-heading--title elementskit-section-title\">Zainteresowany nasz\u0105 ofert\u0105?<\/h2><\/div><\/div>\t\t<\/div>\n\t\t\t\t<\/div>\n\t\t\t\t<div class=\"elementor-element elementor-element-b8722e9 elementor-widget elementor-widget-text-editor\" data-id=\"b8722e9\" data-element_type=\"widget\" data-widget_type=\"text-editor.default\">\n\t\t\t\t<div class=\"elementor-widget-container\">\n\t\t\t\t\t\t\t<p style=\"color: #ffffff;\">Zr\u00f3b pierwszy krok, aby zwi\u0119kszy\u0107 zasi\u0119g i sukces swojego wydarzenia. Wype\u0142nij formularz lub napisz do nas na adres <strong>partner@turmsadrain.com.<\/strong><\/p>\t\t\t\t\t\t<\/div>\n\t\t\t\t<\/div>\n\t\t\t\t\t<\/div>\n\t\t<\/div>\n\t\t\t\t<div class=\"elementor-column elementor-col-50 elementor-top-column elementor-element elementor-element-2e3b27a8\" data-id=\"2e3b27a8\" data-element_type=\"column\">\n\t\t\t<div class=\"elementor-widget-wrap elementor-element-populated\">\n\t\t\t\t\t\t<section class=\"elementor-section elementor-inner-section elementor-element elementor-element-327c7333 elementor-section-boxed elementor-section-height-default elementor-section-height-default\" data-id=\"327c7333\" data-element_type=\"section\">\n\t\t\t\t\t\t<div class=\"elementor-container elementor-column-gap-no\">\n\t\t\t\t\t<div class=\"elementor-column elementor-col-100 elementor-inner-column elementor-element elementor-element-31f6320f\" data-id=\"31f6320f\" data-element_type=\"column\" data-settings=\"{&quot;background_background&quot;:&quot;classic&quot;}\">\n\t\t\t<div class=\"elementor-widget-wrap elementor-element-populated\">\n\t\t\t\t\t\t<div class=\"elementor-element elementor-element-e61ff04 elementor-widget elementor-widget-shortcode\" data-id=\"e61ff04\" data-element_type=\"widget\" data-widget_type=\"shortcode.default\">\n\t\t\t\t<div class=\"elementor-widget-container\">\n\t\t\t\t\t<div class=\"elementor-shortcode\">\n<div class=\"wpcf7 no-js\" id=\"wpcf7-f3945-o1\" lang=\"en-US\" dir=\"ltr\" data-wpcf7-id=\"3945\">\n<div class=\"screen-reader-response\"><p role=\"status\" aria-live=\"polite\" aria-atomic=\"true\"><\/p> <ul><\/ul><\/div>\n<form action=\"\/en\/wp-json\/wp\/v2\/pages\/3894#wpcf7-f3945-o1\" method=\"post\" class=\"wpcf7-form init\" aria-label=\"Contact form\" novalidate=\"novalidate\" data-status=\"init\" data-trp-original-action=\"\/en\/wp-json\/wp\/v2\/pages\/3894#wpcf7-f3945-o1\">\n<fieldset class=\"hidden-fields-container\"><input type=\"hidden\" name=\"_wpcf7\" value=\"3945\" \/><input type=\"hidden\" name=\"_wpcf7_version\" value=\"6.1.5\" \/><input type=\"hidden\" name=\"_wpcf7_locale\" value=\"en_US\" \/><input type=\"hidden\" name=\"_wpcf7_unit_tag\" value=\"wpcf7-f3945-o1\" \/><input type=\"hidden\" name=\"_wpcf7_container_post\" value=\"0\" \/><input type=\"hidden\" name=\"_wpcf7_posted_data_hash\" value=\"\" \/><input type=\"hidden\" name=\"_wpcf7_recaptcha_response\" value=\"\" \/>\n<\/fieldset>\n<div class=\"request-page-form\">\n\t<div class=\"row\">\n\t\t<div class=\"col-md-12\">\n\t\t\t<div class=\"form-group\">\n\t\t\t\t<p><span class=\"wpcf7-form-control-wrap\" data-name=\"cf_fname\"><input size=\"40\" maxlength=\"400\" class=\"wpcf7-form-control wpcf7-text wpcf7-validates-as-required form-control\" aria-required=\"true\" aria-invalid=\"false\" placeholder=\"Nazwa firmy\" value=\"\" type=\"text\" name=\"cf_fname\" \/><\/span>\n\t\t\t\t<\/p>\n\t\t\t<\/div>\n\t\t<\/div>\n\t\t<div class=\"col-md-12\">\n\t\t\t<div class=\"form-group\">\n\t\t\t\t<p><span class=\"wpcf7-form-control-wrap\" data-name=\"cf_email\"><input size=\"40\" maxlength=\"400\" class=\"wpcf7-form-control wpcf7-email wpcf7-validates-as-required wpcf7-text wpcf7-validates-as-email form-control\" aria-required=\"true\" aria-invalid=\"false\" placeholder=\"Email\" value=\"\" type=\"email\" name=\"cf_email\" \/><\/span>\n\t\t\t\t<\/p>\n\t\t\t<\/div>\n\t\t<\/div>\n\t\t<div class=\"col-md-12\">\n\t\t\t<div class=\"form-group\">\n\t\t\t\t<p><span class=\"wpcf7-form-control-wrap\" data-name=\"cf_tel\"><input size=\"40\" maxlength=\"400\" class=\"wpcf7-form-control wpcf7-text wpcf7-validates-as-required form-control\" aria-required=\"true\" aria-invalid=\"false\" placeholder=\"Telephone\" value=\"\" type=\"text\" name=\"cf_tel\" \/><\/span>\n\t\t\t\t<\/p>\n\t\t\t<\/div>\n\t\t<\/div>\n\t\t<div class=\"col-md-12\">\n\t\t\t<div class=\"form-group\">\n\t\t\t\t<p><span class=\"wpcf7-form-control-wrap\" data-name=\"textarea-162\"><textarea cols=\"40\" rows=\"10\" maxlength=\"2000\" class=\"wpcf7-form-control wpcf7-textarea form-control\" aria-invalid=\"false\" name=\"textarea-162\"><\/textarea><\/span>\n\t\t\t\t<\/p>\n\t\t\t<\/div>\n\t\t<\/div>\n\t\t<div class=\"col-md-12\">\n\t\t\t<div class=\"form-group\">\n\t\t\t\t<p><input class=\"wpcf7-form-control wpcf7-submit has-spinner submit-btn\" type=\"submit\" value=\"SUBMIT FORM\" \/>\n\t\t\t\t<\/p>\n\t\t\t<\/div>\n\t\t<\/div>\n\t<\/div>\n<\/div><div class=\"wpcf7-response-output\" aria-hidden=\"true\"><\/div>\n<input type=\"hidden\" name=\"trp-form-language\" value=\"en\"\/><\/form>\n<\/div>\n<\/div>\n\t\t\t\t<\/div>\n\t\t\t\t<\/div>\n\t\t\t\t\t<\/div>\n\t\t<\/div>\n\t\t\t\t\t<\/div>\n\t\t<\/section>\n\t\t\t\t\t<\/div>\n\t\t<\/div>\n\t\t\t\t\t<\/div>\n\t\t<\/section>\n\t\t\t\t<section class=\"elementor-section elementor-top-section elementor-element elementor-element-911f4b3 elementor-section-boxed elementor-section-height-default elementor-section-height-default\" data-id=\"911f4b3\" data-element_type=\"section\">\n\t\t\t\t\t\t<div class=\"elementor-container elementor-column-gap-default\">\n\t\t\t\t\t<div class=\"elementor-column elementor-col-100 elementor-top-column elementor-element elementor-element-ec26186\" data-id=\"ec26186\" data-element_type=\"column\">\n\t\t\t<div class=\"elementor-widget-wrap elementor-element-populated\">\n\t\t\t\t\t\t<div class=\"elementor-element elementor-element-584c5d6 elementor-widget elementor-widget-heading\" data-id=\"584c5d6\" data-element_type=\"widget\" data-widget_type=\"heading.default\">\n\t\t\t\t<div class=\"elementor-widget-container\">\n\t\t\t<h2 class=\"elementor-heading-title elementor-size-default\">Sprawmy razem, aby Twoje wydarzenie by\u0142o niezapomnianym sukcesem!<\/h2>\t\t<\/div>\n\t\t\t\t<\/div>\n\t\t\t\t\t<\/div>\n\t\t<\/div>\n\t\t\t\t\t<\/div>\n\t\t<\/section>\n\t\t\t\t<\/div>","protected":false},"excerpt":{"rendered":"<p>Czy masz nadchodz\u0105ce wydarzenie, kt\u00f3re zas\u0142uguje na uwag\u0119? Uwolnij potencja\u0142 sprzeda\u017cy wi\u0119kszej liczby bilet\u00f3w, wsp\u00f3\u0142pracuj\u0105c z nami w zakresie BEZP\u0141ATNEJ reklamy w kabinie! Jak to dzia\u0142a? Obecnie anga\u017cujemy oko\u0142o 6000 u\u017cytkownik\u00f3w taks\u00f3wek dziennie w Krakowie, dzi\u0119ki czemu jest to idealny kana\u0142 do promocji Twojego wydarzenia. To, co nas wyr\u00f3\u017cnia, to nasze zobowi\u0105zanie do promowania wydarzenia [&hellip;]<\/p>\n","protected":false},"author":1,"featured_media":0,"parent":0,"menu_order":0,"comment_status":"closed","ping_status":"closed","template":"template\/full-width-template.php","meta":{"footnotes":""},"class_list":["post-3894","page","type-page","status-publish","hentry"],"_links":{"self":[{"href":"https:\/\/turmsadrain.com\/en\/wp-json\/wp\/v2\/pages\/3894","targetHints":{"allow":["GET"]}}],"collection":[{"href":"https:\/\/turmsadrain.com\/en\/wp-json\/wp\/v2\/pages"}],"about":[{"href":"https:\/\/turmsadrain.com\/en\/wp-json\/wp\/v2\/types\/page"}],"author":[{"embeddable":true,"href":"https:\/\/turmsadrain.com\/en\/wp-json\/wp\/v2\/users\/1"}],"replies":[{"embeddable":true,"href":"https:\/\/turmsadrain.com\/en\/wp-json\/wp\/v2\/comments?post=3894"}],"version-history":[{"count":46,"href":"https:\/\/turmsadrain.com\/en\/wp-json\/wp\/v2\/pages\/3894\/revisions"}],"predecessor-version":[{"id":3954,"href":"https:\/\/turmsadrain.com\/en\/wp-json\/wp\/v2\/pages\/3894\/revisions\/3954"}],"wp:attachment":[{"href":"https:\/\/turmsadrain.com\/en\/wp-json\/wp\/v2\/media?parent=3894"}],"curies":[{"name":"wp","href":"https:\/\/api.w.org\/{rel}","templated":true}]}}