{"id":5427,"date":"2025-02-14T11:22:00","date_gmt":"2025-02-14T11:22:00","guid":{"rendered":"https:\/\/turmsadrain.com\/?post_type=product&#038;p=5427"},"modified":"2025-02-14T12:02:08","modified_gmt":"2025-02-14T12:02:08","slug":"teatr-capitol-boeing-boeing","status":"publish","type":"product","link":"https:\/\/turmsadrain.com\/en\/product\/teatr-capitol-boeing-boeing\/","title":{"rendered":"TEATR CAPITOL &#8211; Boeing Boeing"},"content":{"rendered":"<h6><\/h6>\n<h6><img fetchpriority=\"high\" decoding=\"async\" class=\"alignnone  wp-image-5435\" src=\"https:\/\/turmsadrain.com\/wp-content\/uploads\/2025\/02\/gdansk-boeing-1730.png\" alt=\"\" width=\"473\" height=\"322\" srcset=\"https:\/\/turmsadrain.com\/wp-content\/uploads\/2025\/02\/gdansk-boeing-1730.png 1106w, https:\/\/turmsadrain.com\/wp-content\/uploads\/2025\/02\/gdansk-boeing-1730-768x523.png 768w, https:\/\/turmsadrain.com\/wp-content\/uploads\/2025\/02\/gdansk-boeing-1730-18x12.png 18w, https:\/\/turmsadrain.com\/wp-content\/uploads\/2025\/02\/gdansk-boeing-1730-24x16.png 24w, https:\/\/turmsadrain.com\/wp-content\/uploads\/2025\/02\/gdansk-boeing-1730-36x25.png 36w, https:\/\/turmsadrain.com\/wp-content\/uploads\/2025\/02\/gdansk-boeing-1730-48x33.png 48w, https:\/\/turmsadrain.com\/wp-content\/uploads\/2025\/02\/gdansk-boeing-1730-600x408.png 600w\" sizes=\"(max-width: 473px) 100vw, 473px\" \/>\u00a0 <img decoding=\"async\" class=\"alignnone  wp-image-5436\" src=\"https:\/\/turmsadrain.com\/wp-content\/uploads\/2025\/02\/gdansk-boeing-2030.png\" alt=\"\" width=\"459\" height=\"313\" srcset=\"https:\/\/turmsadrain.com\/wp-content\/uploads\/2025\/02\/gdansk-boeing-2030.png 1127w, https:\/\/turmsadrain.com\/wp-content\/uploads\/2025\/02\/gdansk-boeing-2030-768x523.png 768w, https:\/\/turmsadrain.com\/wp-content\/uploads\/2025\/02\/gdansk-boeing-2030-18x12.png 18w, https:\/\/turmsadrain.com\/wp-content\/uploads\/2025\/02\/gdansk-boeing-2030-24x16.png 24w, https:\/\/turmsadrain.com\/wp-content\/uploads\/2025\/02\/gdansk-boeing-2030-36x25.png 36w, https:\/\/turmsadrain.com\/wp-content\/uploads\/2025\/02\/gdansk-boeing-2030-48x33.png 48w, https:\/\/turmsadrain.com\/wp-content\/uploads\/2025\/02\/gdansk-boeing-2030-600x409.png 600w\" sizes=\"(max-width: 459px) 100vw, 459px\" \/><\/h6>\n<h6>*Zastrze\u017cenie*.<\/h6>\n<p><em>Powy\u017csza dost\u0119pno\u015b\u0107 miejsc mo\u017ce ulec zmianie. Potwierdzenie miejsca zostanie wys\u0142ane po dokonaniu p\u0142atno\u015bci w celu potwierdzenia numeru miejsca.<\/em><\/p>\n<h3 class=\"heading heading__h3 filter-describe-info__title\">Boeing Boeing<\/h3>\n<p>\u201eBoeing Boeing\u201d \u2013 komediowa uczta w gwiazdorskiej obsadzie!<\/p>\n<p>Przygotujcie si\u0119 na szalony lot nieprzerwanej zabawy,<\/p>","protected":false},"excerpt":{"rendered":"<p style=\"color: #ff0000;\"><strong>Alert Dopasowania Ceny!!!<\/strong><\/p>\n<p><em>Je\u015bli znajdziesz to taniej gdziekolwiek, poka\u017c nam, a ch\u0119tnie dopasujemy cen\u0119.<\/em><\/p>\n<p><strong>DATA PREMIERY:<\/strong><br \/>\n7 mar 2025<\/p>\n<p><strong>Lokalizacja:<\/strong><br \/>\nStary Mane\u017c, Gdansk.<\/p>\n<p><strong>GATUNEK FILMU:<\/strong><br \/>\nKomedia<\/p>","protected":false},"featured_media":5434,"template":"","meta":[],"product_brand":[],"product_cat":[79],"product_tag":[],"class_list":{"0":"post-5427","1":"product","2":"type-product","3":"status-publish","4":"has-post-thumbnail","6":"product_cat-comedy","8":"first","9":"instock","10":"sale","11":"shipping-taxable","12":"purchasable","13":"product-type-variable"},"_links":{"self":[{"href":"https:\/\/turmsadrain.com\/en\/wp-json\/wp\/v2\/product\/5427","targetHints":{"allow":["GET"]}}],"collection":[{"href":"https:\/\/turmsadrain.com\/en\/wp-json\/wp\/v2\/product"}],"about":[{"href":"https:\/\/turmsadrain.com\/en\/wp-json\/wp\/v2\/types\/product"}],"version-history":[{"count":2,"href":"https:\/\/turmsadrain.com\/en\/wp-json\/wp\/v2\/product\/5427\/revisions"}],"predecessor-version":[{"id":5438,"href":"https:\/\/turmsadrain.com\/en\/wp-json\/wp\/v2\/product\/5427\/revisions\/5438"}],"wp:featuredmedia":[{"embeddable":true,"href":"https:\/\/turmsadrain.com\/en\/wp-json\/wp\/v2\/media\/5434"}],"wp:attachment":[{"href":"https:\/\/turmsadrain.com\/en\/wp-json\/wp\/v2\/media?parent=5427"}],"wp:term":[{"taxonomy":"product_brand","embeddable":true,"href":"https:\/\/turmsadrain.com\/en\/wp-json\/wp\/v2\/product_brand?post=5427"},{"taxonomy":"product_cat","embeddable":true,"href":"https:\/\/turmsadrain.com\/en\/wp-json\/wp\/v2\/product_cat?post=5427"},{"taxonomy":"product_tag","embeddable":true,"href":"https:\/\/turmsadrain.com\/en\/wp-json\/wp\/v2\/product_tag?post=5427"}],"curies":[{"name":"wp","href":"https:\/\/api.w.org\/{rel}","templated":true}]}}