{"id":5439,"date":"2025-02-14T12:04:53","date_gmt":"2025-02-14T12:04:53","guid":{"rendered":"https:\/\/turmsadrain.com\/?post_type=product&#038;p=5439"},"modified":"2025-02-14T12:42:07","modified_gmt":"2025-02-14T12:42:07","slug":"teatr-capitol-prezent-urodzinowy","status":"publish","type":"product","link":"https:\/\/turmsadrain.com\/en\/product\/teatr-capitol-prezent-urodzinowy\/","title":{"rendered":"TEATR CAPITOL &#8211; Prezent urodzinowy"},"content":{"rendered":"<h6><\/h6>\n<h6><img fetchpriority=\"high\" decoding=\"async\" class=\"alignnone wp-image-5445\" src=\"https:\/\/turmsadrain.com\/wp-content\/uploads\/2025\/02\/gdansk-wybierzz-1900.png\" alt=\"\" width=\"875\" height=\"480\" srcset=\"https:\/\/turmsadrain.com\/wp-content\/uploads\/2025\/02\/gdansk-wybierzz-1900.png 1136w, https:\/\/turmsadrain.com\/wp-content\/uploads\/2025\/02\/gdansk-wybierzz-1900-768x421.png 768w, https:\/\/turmsadrain.com\/wp-content\/uploads\/2025\/02\/gdansk-wybierzz-1900-18x10.png 18w, https:\/\/turmsadrain.com\/wp-content\/uploads\/2025\/02\/gdansk-wybierzz-1900-24x13.png 24w, https:\/\/turmsadrain.com\/wp-content\/uploads\/2025\/02\/gdansk-wybierzz-1900-36x20.png 36w, https:\/\/turmsadrain.com\/wp-content\/uploads\/2025\/02\/gdansk-wybierzz-1900-48x26.png 48w, https:\/\/turmsadrain.com\/wp-content\/uploads\/2025\/02\/gdansk-wybierzz-1900-600x329.png 600w\" sizes=\"(max-width: 875px) 100vw, 875px\" \/><\/h6>\n<h6>*Zastrze\u017cenie*.<\/h6>\n<p><em>Powy\u017csza dost\u0119pno\u015b\u0107 miejsc mo\u017ce ulec zmianie. Potwierdzenie miejsca zostanie wys\u0142ane po dokonaniu p\u0142atno\u015bci w celu potwierdzenia numeru miejsca.<\/em><\/p>\n<h3 class=\"heading heading__h3 filter-describe-info__title\">Prezent urodzinowy<\/h3>\n<p>ROBIN HAWDON<br \/>\nPREZENT URODZINOWY<br \/>\n(Birthday Suit)<br \/>\nUwa\u017caj, o czym zamarzysz, nim zdmuchniesz \u015bwieczk\u0119<\/p>","protected":false},"excerpt":{"rendered":"<p style=\"color: #ff0000;\"><strong>Alert Dopasowania Ceny!!!<\/strong><\/p>\n<p><em>Je\u015bli znajdziesz to taniej gdziekolwiek, poka\u017c nam, a ch\u0119tnie dopasujemy cen\u0119.<\/em><\/p>\n<p><strong>DATA PREMIERY:<\/strong><br \/>\n7 cze 2025<\/p>\n<p><strong>Lokalizacja:<\/strong><br \/>\nDom Technika NOT, Gdansk.<\/p>\n<p><strong>GATUNEK FILMU:<\/strong><br \/>\nKomedia<\/p>","protected":false},"featured_media":5444,"template":"","meta":[],"product_brand":[],"product_cat":[79],"product_tag":[],"class_list":{"0":"post-5439","1":"product","2":"type-product","3":"status-publish","4":"has-post-thumbnail","6":"product_cat-comedy","8":"first","9":"instock","10":"sale","11":"shipping-taxable","12":"purchasable","13":"product-type-variable"},"_links":{"self":[{"href":"https:\/\/turmsadrain.com\/en\/wp-json\/wp\/v2\/product\/5439","targetHints":{"allow":["GET"]}}],"collection":[{"href":"https:\/\/turmsadrain.com\/en\/wp-json\/wp\/v2\/product"}],"about":[{"href":"https:\/\/turmsadrain.com\/en\/wp-json\/wp\/v2\/types\/product"}],"version-history":[{"count":1,"href":"https:\/\/turmsadrain.com\/en\/wp-json\/wp\/v2\/product\/5439\/revisions"}],"predecessor-version":[{"id":5446,"href":"https:\/\/turmsadrain.com\/en\/wp-json\/wp\/v2\/product\/5439\/revisions\/5446"}],"wp:featuredmedia":[{"embeddable":true,"href":"https:\/\/turmsadrain.com\/en\/wp-json\/wp\/v2\/media\/5444"}],"wp:attachment":[{"href":"https:\/\/turmsadrain.com\/en\/wp-json\/wp\/v2\/media?parent=5439"}],"wp:term":[{"taxonomy":"product_brand","embeddable":true,"href":"https:\/\/turmsadrain.com\/en\/wp-json\/wp\/v2\/product_brand?post=5439"},{"taxonomy":"product_cat","embeddable":true,"href":"https:\/\/turmsadrain.com\/en\/wp-json\/wp\/v2\/product_cat?post=5439"},{"taxonomy":"product_tag","embeddable":true,"href":"https:\/\/turmsadrain.com\/en\/wp-json\/wp\/v2\/product_tag?post=5439"}],"curies":[{"name":"wp","href":"https:\/\/api.w.org\/{rel}","templated":true}]}}