{"id":5447,"date":"2025-02-14T12:44:50","date_gmt":"2025-02-14T12:44:50","guid":{"rendered":"https:\/\/turmsadrain.com\/?post_type=product&#038;p=5447"},"modified":"2025-02-14T13:46:17","modified_gmt":"2025-02-14T13:46:17","slug":"teatr-capitol-bozyszcze-kobiet","status":"publish","type":"product","link":"https:\/\/turmsadrain.com\/en\/product\/teatr-capitol-bozyszcze-kobiet\/","title":{"rendered":"TEATR CAPITOL &#8211; Bo\u017cyszcze Kobiet"},"content":{"rendered":"<h6><\/h6>\n<h6><img fetchpriority=\"high\" decoding=\"async\" class=\"alignnone wp-image-5457\" src=\"https:\/\/turmsadrain.com\/wp-content\/uploads\/2025\/02\/gdansk-oct10-1700.png\" alt=\"\" width=\"475\" height=\"254\" srcset=\"https:\/\/turmsadrain.com\/wp-content\/uploads\/2025\/02\/gdansk-oct10-1700.png 1165w, https:\/\/turmsadrain.com\/wp-content\/uploads\/2025\/02\/gdansk-oct10-1700-768x411.png 768w, https:\/\/turmsadrain.com\/wp-content\/uploads\/2025\/02\/gdansk-oct10-1700-18x10.png 18w, https:\/\/turmsadrain.com\/wp-content\/uploads\/2025\/02\/gdansk-oct10-1700-24x13.png 24w, https:\/\/turmsadrain.com\/wp-content\/uploads\/2025\/02\/gdansk-oct10-1700-36x19.png 36w, https:\/\/turmsadrain.com\/wp-content\/uploads\/2025\/02\/gdansk-oct10-1700-48x26.png 48w, https:\/\/turmsadrain.com\/wp-content\/uploads\/2025\/02\/gdansk-oct10-1700-600x321.png 600w\" sizes=\"(max-width: 475px) 100vw, 475px\" \/>\u00a0 <img decoding=\"async\" class=\"alignnone wp-image-5458\" src=\"https:\/\/turmsadrain.com\/wp-content\/uploads\/2025\/02\/gdansk-oct10-2030.png\" alt=\"\" width=\"475\" height=\"246\" srcset=\"https:\/\/turmsadrain.com\/wp-content\/uploads\/2025\/02\/gdansk-oct10-2030.png 1194w, https:\/\/turmsadrain.com\/wp-content\/uploads\/2025\/02\/gdansk-oct10-2030-768x398.png 768w, https:\/\/turmsadrain.com\/wp-content\/uploads\/2025\/02\/gdansk-oct10-2030-18x9.png 18w, https:\/\/turmsadrain.com\/wp-content\/uploads\/2025\/02\/gdansk-oct10-2030-24x12.png 24w, https:\/\/turmsadrain.com\/wp-content\/uploads\/2025\/02\/gdansk-oct10-2030-36x19.png 36w, https:\/\/turmsadrain.com\/wp-content\/uploads\/2025\/02\/gdansk-oct10-2030-48x25.png 48w, https:\/\/turmsadrain.com\/wp-content\/uploads\/2025\/02\/gdansk-oct10-2030-600x311.png 600w\" sizes=\"(max-width: 475px) 100vw, 475px\" \/><\/h6>\n<h6>*Zastrze\u017cenie*.<\/h6>\n<p><em>Powy\u017csza dost\u0119pno\u015b\u0107 miejsc mo\u017ce ulec zmianie. Potwierdzenie miejsca zostanie wys\u0142ane po dokonaniu p\u0142atno\u015bci w celu potwierdzenia numeru miejsca.<\/em><\/p>\n<h3 class=\"heading heading__h3 filter-describe-info__title\">Bo\u017cyszcze Kobiet<\/h3>\n<p>Pozornie przyzwoity Barney prowadzi szcz\u0119\u015bliwe \u017cycie \u2013 dom, kochaj\u0105ca \u017cona, praca w restauracji. W jego oczach jednak, wydaje mu si\u0119 ono nudne, postanawia wi\u0119c je uatrakcyjni\u0107 i organizuje schadzki z<\/p>","protected":false},"excerpt":{"rendered":"<p style=\"color: #ff0000;\"><strong>Alert Dopasowania Ceny!!!<\/strong><\/p>\n<p><em>Je\u015bli znajdziesz to taniej gdziekolwiek, poka\u017c nam, a ch\u0119tnie dopasujemy cen\u0119.<\/em><\/p>\n<p><strong>DATA PREMIERY:<\/strong><br \/>\n10 pa\u017a 2025<\/p>\n<p><strong>Lokalizacja:<\/strong><br \/>\nDom Technika NOT, Gdansk.<\/p>\n<p><strong>GATUNEK FILMU:<\/strong><br \/>\nKomedia<\/p>","protected":false},"featured_media":5452,"template":"","meta":[],"product_brand":[],"product_cat":[79],"product_tag":[],"class_list":{"0":"post-5447","1":"product","2":"type-product","3":"status-publish","4":"has-post-thumbnail","6":"product_cat-comedy","8":"first","9":"instock","10":"sale","11":"shipping-taxable","12":"purchasable","13":"product-type-variable"},"_links":{"self":[{"href":"https:\/\/turmsadrain.com\/en\/wp-json\/wp\/v2\/product\/5447","targetHints":{"allow":["GET"]}}],"collection":[{"href":"https:\/\/turmsadrain.com\/en\/wp-json\/wp\/v2\/product"}],"about":[{"href":"https:\/\/turmsadrain.com\/en\/wp-json\/wp\/v2\/types\/product"}],"version-history":[{"count":3,"href":"https:\/\/turmsadrain.com\/en\/wp-json\/wp\/v2\/product\/5447\/revisions"}],"predecessor-version":[{"id":5460,"href":"https:\/\/turmsadrain.com\/en\/wp-json\/wp\/v2\/product\/5447\/revisions\/5460"}],"wp:featuredmedia":[{"embeddable":true,"href":"https:\/\/turmsadrain.com\/en\/wp-json\/wp\/v2\/media\/5452"}],"wp:attachment":[{"href":"https:\/\/turmsadrain.com\/en\/wp-json\/wp\/v2\/media?parent=5447"}],"wp:term":[{"taxonomy":"product_brand","embeddable":true,"href":"https:\/\/turmsadrain.com\/en\/wp-json\/wp\/v2\/product_brand?post=5447"},{"taxonomy":"product_cat","embeddable":true,"href":"https:\/\/turmsadrain.com\/en\/wp-json\/wp\/v2\/product_cat?post=5447"},{"taxonomy":"product_tag","embeddable":true,"href":"https:\/\/turmsadrain.com\/en\/wp-json\/wp\/v2\/product_tag?post=5447"}],"curies":[{"name":"wp","href":"https:\/\/api.w.org\/{rel}","templated":true}]}}