{"id":5462,"date":"2025-02-14T13:47:27","date_gmt":"2025-02-14T13:47:27","guid":{"rendered":"https:\/\/turmsadrain.com\/?post_type=product&#038;p=5462"},"modified":"2025-02-17T23:16:09","modified_gmt":"2025-02-17T23:16:09","slug":"teatr-capitol-kiedy-kota-nie-ma-2","status":"publish","type":"product","link":"https:\/\/turmsadrain.com\/en\/product\/teatr-capitol-kiedy-kota-nie-ma-2\/","title":{"rendered":"TEATR CAPITOL &#8211; Kiedy kota nie ma&#8230;"},"content":{"rendered":"<h6><\/h6>\n<h6><img fetchpriority=\"high\" decoding=\"async\" class=\"alignnone wp-image-5472\" src=\"https:\/\/turmsadrain.com\/wp-content\/uploads\/2025\/02\/gdansk-oct18-1600.png\" alt=\"\" width=\"440\" height=\"225\" srcset=\"https:\/\/turmsadrain.com\/wp-content\/uploads\/2025\/02\/gdansk-oct18-1600.png 1198w, https:\/\/turmsadrain.com\/wp-content\/uploads\/2025\/02\/gdansk-oct18-1600-768x393.png 768w, https:\/\/turmsadrain.com\/wp-content\/uploads\/2025\/02\/gdansk-oct18-1600-18x9.png 18w, https:\/\/turmsadrain.com\/wp-content\/uploads\/2025\/02\/gdansk-oct18-1600-24x12.png 24w, https:\/\/turmsadrain.com\/wp-content\/uploads\/2025\/02\/gdansk-oct18-1600-36x18.png 36w, https:\/\/turmsadrain.com\/wp-content\/uploads\/2025\/02\/gdansk-oct18-1600-48x25.png 48w, https:\/\/turmsadrain.com\/wp-content\/uploads\/2025\/02\/gdansk-oct18-1600-600x307.png 600w\" sizes=\"(max-width: 440px) 100vw, 440px\" \/>\u00a0 <img decoding=\"async\" class=\"alignnone wp-image-5473\" src=\"https:\/\/turmsadrain.com\/wp-content\/uploads\/2025\/02\/gdansk-oct18-1930.png\" alt=\"\" width=\"434\" height=\"223\" srcset=\"https:\/\/turmsadrain.com\/wp-content\/uploads\/2025\/02\/gdansk-oct18-1930.png 1193w, https:\/\/turmsadrain.com\/wp-content\/uploads\/2025\/02\/gdansk-oct18-1930-768x395.png 768w, https:\/\/turmsadrain.com\/wp-content\/uploads\/2025\/02\/gdansk-oct18-1930-18x9.png 18w, https:\/\/turmsadrain.com\/wp-content\/uploads\/2025\/02\/gdansk-oct18-1930-24x12.png 24w, https:\/\/turmsadrain.com\/wp-content\/uploads\/2025\/02\/gdansk-oct18-1930-36x18.png 36w, https:\/\/turmsadrain.com\/wp-content\/uploads\/2025\/02\/gdansk-oct18-1930-48x25.png 48w, https:\/\/turmsadrain.com\/wp-content\/uploads\/2025\/02\/gdansk-oct18-1930-600x308.png 600w\" sizes=\"(max-width: 434px) 100vw, 434px\" \/><\/h6>\n<h6>*Zastrze\u017cenie*.<\/h6>\n<p><em>Powy\u017csza dost\u0119pno\u015b\u0107 miejsc mo\u017ce ulec zmianie. Potwierdzenie miejsca zostanie wys\u0142ane po dokonaniu p\u0142atno\u015bci w celu potwierdzenia numeru miejsca.<\/em><\/p>\n<h3 class=\"heading heading__h3 filter-describe-info__title\">Kiedy kota nie ma&#8230;<\/h3>\n<p>&#8222;Kiedy kota nie ma\u2026\u201d istnieje szansa, \u017ce pojawi si\u0119 w najmniej oczekiwanym momencie! A wtedy bieg komicznych wydarze\u0144 w tej znakomitej brytyjskiej komedii sytuacyjnej, mo\u017ce nabra\u0107 zawrotnego tempa,<\/p>","protected":false},"excerpt":{"rendered":"<p><em>Je\u015bli znajdziesz ten bilet taniej gdziekolwiek, napisz do nas, a ch\u0119tnie dopasujemy cen\u0119.<\/em><\/p>\n<p><strong>DATA PREMIERY:<\/strong><br \/>\n18 pa\u017a 2025<\/p>\n<p><strong>LOKALIZACJA:<\/strong><br \/>\nDom Technika NOT, Gdansk.<\/p>\n<p><strong>GATUNEK FILMU:<\/strong><br \/>\nKomedia<\/p>","protected":false},"featured_media":5471,"template":"","meta":[],"product_brand":[],"product_cat":[79],"product_tag":[],"class_list":{"0":"post-5462","1":"product","2":"type-product","3":"status-publish","4":"has-post-thumbnail","6":"product_cat-comedy","8":"first","9":"instock","10":"sale","11":"shipping-taxable","12":"purchasable","13":"product-type-variable"},"_links":{"self":[{"href":"https:\/\/turmsadrain.com\/en\/wp-json\/wp\/v2\/product\/5462","targetHints":{"allow":["GET"]}}],"collection":[{"href":"https:\/\/turmsadrain.com\/en\/wp-json\/wp\/v2\/product"}],"about":[{"href":"https:\/\/turmsadrain.com\/en\/wp-json\/wp\/v2\/types\/product"}],"version-history":[{"count":3,"href":"https:\/\/turmsadrain.com\/en\/wp-json\/wp\/v2\/product\/5462\/revisions"}],"predecessor-version":[{"id":5490,"href":"https:\/\/turmsadrain.com\/en\/wp-json\/wp\/v2\/product\/5462\/revisions\/5490"}],"wp:featuredmedia":[{"embeddable":true,"href":"https:\/\/turmsadrain.com\/en\/wp-json\/wp\/v2\/media\/5471"}],"wp:attachment":[{"href":"https:\/\/turmsadrain.com\/en\/wp-json\/wp\/v2\/media?parent=5462"}],"wp:term":[{"taxonomy":"product_brand","embeddable":true,"href":"https:\/\/turmsadrain.com\/en\/wp-json\/wp\/v2\/product_brand?post=5462"},{"taxonomy":"product_cat","embeddable":true,"href":"https:\/\/turmsadrain.com\/en\/wp-json\/wp\/v2\/product_cat?post=5462"},{"taxonomy":"product_tag","embeddable":true,"href":"https:\/\/turmsadrain.com\/en\/wp-json\/wp\/v2\/product_tag?post=5462"}],"curies":[{"name":"wp","href":"https:\/\/api.w.org\/{rel}","templated":true}]}}