{"id":5476,"date":"2025-02-14T14:41:29","date_gmt":"2025-02-14T14:41:29","guid":{"rendered":"https:\/\/turmsadrain.com\/?post_type=product&#038;p=5476"},"modified":"2025-02-14T15:25:34","modified_gmt":"2025-02-14T15:25:34","slug":"teatr-capitol-komedia-odlotowa-czyli-lumbago","status":"publish","type":"product","link":"https:\/\/turmsadrain.com\/en\/product\/teatr-capitol-komedia-odlotowa-czyli-lumbago\/","title":{"rendered":"TEATR CAPITOL &#8211; Komedia odlotowa, czyli lumbago"},"content":{"rendered":"<h6><\/h6>\n<h6><img fetchpriority=\"high\" decoding=\"async\" class=\"alignnone wp-image-5484\" src=\"https:\/\/turmsadrain.com\/wp-content\/uploads\/2025\/02\/krakow-mar21-1900.png\" alt=\"\" width=\"659\" height=\"415\" srcset=\"https:\/\/turmsadrain.com\/wp-content\/uploads\/2025\/02\/krakow-mar21-1900.png 1165w, https:\/\/turmsadrain.com\/wp-content\/uploads\/2025\/02\/krakow-mar21-1900-768x484.png 768w, https:\/\/turmsadrain.com\/wp-content\/uploads\/2025\/02\/krakow-mar21-1900-18x12.png 18w, https:\/\/turmsadrain.com\/wp-content\/uploads\/2025\/02\/krakow-mar21-1900-24x15.png 24w, https:\/\/turmsadrain.com\/wp-content\/uploads\/2025\/02\/krakow-mar21-1900-36x23.png 36w, https:\/\/turmsadrain.com\/wp-content\/uploads\/2025\/02\/krakow-mar21-1900-48x30.png 48w, https:\/\/turmsadrain.com\/wp-content\/uploads\/2025\/02\/krakow-mar21-1900-600x378.png 600w\" sizes=\"(max-width: 659px) 100vw, 659px\" \/><\/h6>\n<h6>*Zastrze\u017cenie*.<\/h6>\n<p><em>Powy\u017csza dost\u0119pno\u015b\u0107 miejsc mo\u017ce ulec zmianie. Potwierdzenie miejsca zostanie wys\u0142ane po dokonaniu p\u0142atno\u015bci w celu potwierdzenia numeru miejsca.<\/em><\/p>\n<h3 class=\"heading heading__h3 filter-describe-info__title\">Komedia odlotowa, czyli lumbago<\/h3>\n<p>Zafascynowa\u0142 Was kto\u015b tak bardzo, \u017ce gotowi byli\u015bcie z\u0142ama\u0107 ma\u0142\u017ce\u0144sk\u0105 przysi\u0119g\u0119?<br \/>\nP\u00f3j\u015b\u0107 za szale\u0144stwem jak w dym, bez wzgl\u0119du na konsekwencje?<\/p>","protected":false},"excerpt":{"rendered":"<p style=\"color: #ff0000;\"><strong>Alert Dopasowania Ceny!!!<\/strong><\/p>\n<p><em>Je\u015bli znajdziesz to taniej gdziekolwiek, poka\u017c nam, a ch\u0119tnie dopasujemy cen\u0119.<\/em><\/p>\n<p><strong>DATA PREMIERY:<\/strong><br \/>\n21 mar 2025<\/p>\n<p><strong>Lokalizacja:<\/strong><br \/>\nKino Kij\u00f3w, Krakow.<\/p>\n<p><strong>GATUNEK FILMU:<\/strong><br \/>\nKomedia<\/p>","protected":false},"featured_media":5483,"template":"","meta":[],"product_brand":[],"product_cat":[79],"product_tag":[],"class_list":{"0":"post-5476","1":"product","2":"type-product","3":"status-publish","4":"has-post-thumbnail","6":"product_cat-comedy","8":"first","9":"instock","10":"sale","11":"shipping-taxable","12":"purchasable","13":"product-type-variable"},"_links":{"self":[{"href":"https:\/\/turmsadrain.com\/en\/wp-json\/wp\/v2\/product\/5476","targetHints":{"allow":["GET"]}}],"collection":[{"href":"https:\/\/turmsadrain.com\/en\/wp-json\/wp\/v2\/product"}],"about":[{"href":"https:\/\/turmsadrain.com\/en\/wp-json\/wp\/v2\/types\/product"}],"version-history":[{"count":2,"href":"https:\/\/turmsadrain.com\/en\/wp-json\/wp\/v2\/product\/5476\/revisions"}],"predecessor-version":[{"id":5486,"href":"https:\/\/turmsadrain.com\/en\/wp-json\/wp\/v2\/product\/5476\/revisions\/5486"}],"wp:featuredmedia":[{"embeddable":true,"href":"https:\/\/turmsadrain.com\/en\/wp-json\/wp\/v2\/media\/5483"}],"wp:attachment":[{"href":"https:\/\/turmsadrain.com\/en\/wp-json\/wp\/v2\/media?parent=5476"}],"wp:term":[{"taxonomy":"product_brand","embeddable":true,"href":"https:\/\/turmsadrain.com\/en\/wp-json\/wp\/v2\/product_brand?post=5476"},{"taxonomy":"product_cat","embeddable":true,"href":"https:\/\/turmsadrain.com\/en\/wp-json\/wp\/v2\/product_cat?post=5476"},{"taxonomy":"product_tag","embeddable":true,"href":"https:\/\/turmsadrain.com\/en\/wp-json\/wp\/v2\/product_tag?post=5476"}],"curies":[{"name":"wp","href":"https:\/\/api.w.org\/{rel}","templated":true}]}}